{"id":71,"date":"2017-06-28T11:30:58","date_gmt":"2017-06-28T11:30:58","guid":{"rendered":"http:\/\/patinajecoslada.es\/wordpress_d\/?page_id=71"},"modified":"2017-06-28T14:06:51","modified_gmt":"2017-06-28T14:06:51","slug":"aviso-legal","status":"publish","type":"page","link":"https:\/\/patinajecoslada.es\/wordpress_d\/?page_id=71","title":{"rendered":"Aviso legal"},"content":{"rendered":"<h1>Aviso legal<\/h1>\n<p><span style=\"color: #ffffff;\">Los derechos de Propiedad Intelectual e Industrial sobre la p\u00e1gina web patinajecoslada.com son de su titularidad del Club Patinaje Coslada. Corresponde a dicha entidad el ejercicio exclusivo de los derechos de explotaci\u00f3n de los mismos en el momento que se considere oportuno y adecuado para poder lograr estos objetivos.<\/span><\/p>\n<p><span style=\"color: #ffffff;\">Todos los contenidos incluidos en esta p\u00e1gina web son propiedad de Club Patinaje Coslada, titular de la misma, y se hallan de forma f\u00e1cilmente accesible al p\u00fablico con el prop\u00f3sito de proporcionar cuanta informaci\u00f3n y comercializaci\u00f3n se desee y sea necesaria sobre la p\u00e1gina, as\u00ed como todos los productos y servicios por ella comercializados y ofertados, con el fin de poder ofrecer una informaci\u00f3n veraz y concreta a todos sus clientes. En ning\u00fan caso el acceso a dicha p\u00e1gina web implica ning\u00fan tipo de renuncia, transmisi\u00f3n o cesi\u00f3n total o parcial de los derechos, ni confiere ning\u00fan derecho de utilizaci\u00f3n, alteraci\u00f3n, explotaci\u00f3n, reproducci\u00f3n, distribuci\u00f3n o comunicaci\u00f3n p\u00fablica sobre dichos contenidos sin la previa y expresa autorizaci\u00f3n por parte de su titular. En este sentido, Club Patinaje Coslada tiene derecho de modificar libremente y en todo momento su p\u00e1gina sin ninguna posibilidad de reclamaci\u00f3n a excepci\u00f3n de lo mencionado en los <\/span><br \/>\n<span style=\"color: #ffffff;\">p\u00e1rrafos posteriores.<\/span><\/p>\n<p><span style=\"color: #ffffff;\">Todos los contenidos y partes integrantes de la pagina web patinajecoslada.com han sido incluidos conforme a los principios de la buena fe que nuestro sistema contractual defiende, con informaci\u00f3n procedente total o parcialmente de fuentes externas a la propia entidad raz\u00f3n por la cual Club Patinaje Coslada no va ser responsable en manera alguna de la inexactitud, ausencia de informaci\u00f3n o no actualizaci\u00f3n de los contenidos ofertados. En caso de suceder cualquier problem\u00e1tica en relaci\u00f3n a contenidos externos a patinajecoslada.com, la entidad recomienda a los usuarios que acudan directamente ante esas empresas responsables de los contenidos err\u00f3neos.<\/span><\/p>\n<p><span style=\"color: #ffffff;\">Por el contrario todos aquellos contenidos procedentes de fuentes internas estar\u00e1n debidamente identificados con su copyright y protegidos por el mismo. La entidad se reserva para s\u00ed misma el derecho o facultad de efectuar cualquier cambio en cualquier momento, sin necesidad de previo aviso, ampar\u00e1ndose en los derechos que ese copyright les concede. Todos los contenidos incluidos en la p\u00e1gina procedentes de fuentes internas que lleven su signo identificativo de copyright, son responsabilidad \u00fanica y exclusivamente de Club Patinaje Coslada, respondiendo por los errores u omisiones de la informaci\u00f3n o contenido en ella publicada debiendo acudir los clientes hacia la misma entidad en sus reclamaciones.<\/span><\/p>\n<p><span style=\"color: #ffffff;\">Toda la informaci\u00f3n, im\u00e1genes y dem\u00e1s contenidos de toda la web son propiedad de Club Patinaje Coslada, y no se permite sin consentimiento expreso la utilizaci\u00f3n, alteraci\u00f3n, explotaci\u00f3n, reproducci\u00f3n, copia, distribuci\u00f3n o comunicaci\u00f3n p\u00fablica sobre dichos contenidos sin la previa y expresa autorizaci\u00f3n por parte de su titular.<\/span><\/p>\n<p><span style=\"color: #ffffff;\">email: <span id=\"cloak5a1af66f72c9d1fe38db3a4ae8b787ae\"><a href=\"mailto:artistico@patinajecoslada.com\">artistico@patinajecoslada.com<\/a><\/span><\/span><\/p>\n","protected":false},"excerpt":{"rendered":"<p>Aviso legal Los derechos de Propiedad Intelectual e Industrial sobre la p\u00e1gina web patinajecoslada.com son de su titularidad del Club Patinaje Coslada. Corresponde a dicha entidad el ejercicio exclusivo de los derechos de explotaci\u00f3n de los mismos en el momento que se considere oportuno y adecuado para poder lograr estos objetivos. Todos los contenidos incluidos <a href=\"https:\/\/patinajecoslada.es\/wordpress_d\/?page_id=71\" class=\"read-more\">Leer m\u00e1s<\/a><\/p>\n","protected":false},"author":1,"featured_media":0,"parent":0,"menu_order":0,"comment_status":"closed","ping_status":"closed","template":"","meta":[],"_links":{"self":[{"href":"https:\/\/patinajecoslada.es\/wordpress_d\/index.php?rest_route=\/wp\/v2\/pages\/71"}],"collection":[{"href":"https:\/\/patinajecoslada.es\/wordpress_d\/index.php?rest_route=\/wp\/v2\/pages"}],"about":[{"href":"https:\/\/patinajecoslada.es\/wordpress_d\/index.php?rest_route=\/wp\/v2\/types\/page"}],"author":[{"embeddable":true,"href":"https:\/\/patinajecoslada.es\/wordpress_d\/index.php?rest_route=\/wp\/v2\/users\/1"}],"replies":[{"embeddable":true,"href":"https:\/\/patinajecoslada.es\/wordpress_d\/index.php?rest_route=%2Fwp%2Fv2%2Fcomments&post=71"}],"version-history":[{"count":2,"href":"https:\/\/patinajecoslada.es\/wordpress_d\/index.php?rest_route=\/wp\/v2\/pages\/71\/revisions"}],"predecessor-version":[{"id":99,"href":"https:\/\/patinajecoslada.es\/wordpress_d\/index.php?rest_route=\/wp\/v2\/pages\/71\/revisions\/99"}],"wp:attachment":[{"href":"https:\/\/patinajecoslada.es\/wordpress_d\/index.php?rest_route=%2Fwp%2Fv2%2Fmedia&parent=71"}],"curies":[{"name":"wp","href":"https:\/\/api.w.org\/{rel}","templated":true}]}}